{"id":11,"date":"2006-08-01T22:16:34","date_gmt":"2006-08-01T20:16:34","guid":{"rendered":"http:\/\/www.internetsoziologie.at\/retro\/?page_id=11"},"modified":"2025-08-20T12:10:51","modified_gmt":"2025-08-20T10:10:51","slug":"kontakt","status":"publish","type":"page","link":"http:\/\/www.retromagazine.eu\/retro\/kontakt\/","title":{"rendered":"Kontakt"},"content":{"rendered":"<p><strong>HerausgeberInnen<\/strong><\/p>\n<p>Anna Black<br \/>\nEnno Coners<br \/>\nStephan G. Humer<\/p>\n<p>herausgeber @ retromagazine.eu<\/p>\n<p><strong>Chefredaktion (zust\u00e4ndig f\u00fcr Termine, Veranstaltungen, Hard- und Softwaretests)<\/strong><\/p>\n<p>editors @ retromagazine.eu<\/p>\n<p><strong>Website-Management (zust\u00e4ndig f\u00fcr neue AutorInnen, Content Management, Gewinnspiele, Werbung\/Marketing\/PR)<\/strong><\/p>\n<p>mitmachen @ retromagazine.eu<\/p>\n<p><strong>Fragen, Anmerkungen, Kritik zu KI-Texten<\/strong><\/p>\n<p>ki @ retromagazine.eu<\/p>\n<p><em>Bei Fragen zum <a href=\"http:\/\/www.csw-verlag.de\">CSW-Verlag<\/a> (was auch alle Fragen zum Abo, Versand, Erhalt der RETRO beinhaltet) bitte direkt an den Verlag und nicht an uns wenden &#8211; vielen Dank!<\/em><\/p>\n","protected":false},"excerpt":{"rendered":"<p>HerausgeberInnen Anna Black Enno Coners Stephan G. Humer herausgeber @ retromagazine.eu Chefredaktion (zust\u00e4ndig f\u00fcr Termine, Veranstaltungen, Hard- und Softwaretests) editors @ retromagazine.eu Website-Management (zust\u00e4ndig f\u00fcr neue AutorInnen, Content Management, Gewinnspiele, Werbung\/Marketing\/PR) mitmachen @ retromagazine.eu Fragen, Anmerkungen, Kritik zu KI-Texten ki @ retromagazine.eu Bei Fragen zum CSW-Verlag (was auch alle Fragen zum Abo, Versand, Erhalt der [&hellip;]<\/p>\n","protected":false},"author":51,"featured_media":0,"parent":0,"menu_order":50,"comment_status":"closed","ping_status":"closed","template":"","meta":{"rop_custom_images_group":[],"rop_custom_messages_group":[],"rop_publish_now":"initial","rop_publish_now_accounts":[],"rop_publish_now_history":[],"rop_publish_now_status":"pending","footnotes":""},"class_list":["post-11","page","type-page","status-publish","hentry"],"amp_enabled":true,"_links":{"self":[{"href":"http:\/\/www.retromagazine.eu\/retro\/wp-json\/wp\/v2\/pages\/11","targetHints":{"allow":["GET"]}}],"collection":[{"href":"http:\/\/www.retromagazine.eu\/retro\/wp-json\/wp\/v2\/pages"}],"about":[{"href":"http:\/\/www.retromagazine.eu\/retro\/wp-json\/wp\/v2\/types\/page"}],"author":[{"embeddable":true,"href":"http:\/\/www.retromagazine.eu\/retro\/wp-json\/wp\/v2\/users\/51"}],"replies":[{"embeddable":true,"href":"http:\/\/www.retromagazine.eu\/retro\/wp-json\/wp\/v2\/comments?post=11"}],"version-history":[{"count":0,"href":"http:\/\/www.retromagazine.eu\/retro\/wp-json\/wp\/v2\/pages\/11\/revisions"}],"wp:attachment":[{"href":"http:\/\/www.retromagazine.eu\/retro\/wp-json\/wp\/v2\/media?parent=11"}],"curies":[{"name":"wp","href":"https:\/\/api.w.org\/{rel}","templated":true}]}}