{"id":15878,"date":"2015-06-15T20:17:55","date_gmt":"2015-06-15T18:17:55","guid":{"rendered":"http:\/\/www.retromagazine.eu\/retro\/?page_id=15878"},"modified":"2022-11-12T23:23:07","modified_gmt":"2022-11-12T22:23:07","slug":"autoren-des-retro-magazin","status":"publish","type":"page","link":"http:\/\/www.retromagazine.eu\/retro\/autoren-des-retro-magazin\/","title":{"rendered":"Autoren"},"content":{"rendered":"<p>Diese Website ist die Autorenplattform des RETRO-Magazins. Jede Autorin und jeder Autor ist f\u00fcr ihre\/seine Beitr\u00e4ge selbst verantwortlich, hat daf\u00fcr aber auch sehr gro\u00dfe Freiheiten: von der Zweitverwertung bereits erschienener Retrocomputingartikel bis hin zu Eigenwerbung ist sehr vieles m\u00f6glich. Willst Du auch Autorin\/Autor f\u00fcr die Website und vielleicht sogar f\u00fcr das RETRO-Magazin werden? Schreibe einfach eine E-Mail an <strong>mitmachen @ retromagazine.eu<\/strong>! Es winken Goodies wie RETRO-Abos, Nerdstuff, kostenlose Einladungen zu Usertreffen und vieles mehr! Werde Teil des Teams \u2013 mehrere Tausend Beitr\u00e4ge k\u00f6nnen mit deiner Mithilfe noch \u00fcbertroffen werden ;-)<\/p>\n<p>Auf unserer Autorenplattform versorgen euch diese Autorin und diese Autoren mit Datenfutter:<\/p>\n<div class=\"shortcode-author-avatars\" style=\"padding-left: 0.2em;\"><div class=\"author-list\"><div class=\"user with-name name-group-last-r user-2\" style=\"\"><a href=\"http:\/\/www.retromagazine.eu\/retro\/blog\/author\/cosowi\/\" title=\"Retropr\u00e4sident\"><span class=\"avatar\"><img alt='Avatar-Foto' src='http:\/\/www.retromagazine.eu\/retro\/wp-content\/uploads\/2015\/06\/Retropr\u00e4sident_avatar_1434728945-96x96.jpg' srcset='http:\/\/www.retromagazine.eu\/retro\/wp-content\/uploads\/2015\/06\/Retropr\u00e4sident_avatar_1434728945-96x96.jpg 2x' class='avatar avatar-96 photo' height='96' width='96' style=\"\"  \/><\/span><span class=\"name\">Retropr\u00e4sident<\/span><\/a><\/div><div class=\"user with-name name-group-0-s name-group-last-h user-5\" style=\"\"><a href=\"http:\/\/www.retromagazine.eu\/retro\/blog\/author\/stephan\/\" title=\"Stephan Humer\"><span class=\"avatar\"><img alt='Avatar-Foto' src='http:\/\/www.retromagazine.eu\/retro\/wp-content\/uploads\/2015\/06\/Stephan-Humer_avatar_1434579302-96x96.png' srcset='http:\/\/www.retromagazine.eu\/retro\/wp-content\/uploads\/2015\/06\/Stephan-Humer_avatar_1434579302-96x96.png 2x' class='avatar avatar-96 photo' height='96' width='96' style=\"\"  \/><\/span><span class=\"name\">Stephan Humer<\/span><\/a><\/div><div class=\"user with-name name-group-0-k name-group-last-l user-47\" style=\"\"><a href=\"http:\/\/www.retromagazine.eu\/retro\/blog\/author\/kielerkai\/\" title=\"Kai Lunkeit\"><span class=\"avatar\"><img alt='Avatar-Foto' src='http:\/\/www.retromagazine.eu\/retro\/wp-content\/uploads\/2015\/06\/Kai-Lunkeit_avatar_1434580062-96x96.jpg' srcset='http:\/\/www.retromagazine.eu\/retro\/wp-content\/uploads\/2015\/06\/Kai-Lunkeit_avatar_1434580062-96x96.jpg 2x' class='avatar avatar-96 photo' height='96' width='96' style=\"\"  \/><\/span><span class=\"name\">Kai Lunkeit<\/span><\/a><\/div><div class=\"user with-name name-group-0-c name-group-last-p user-62\" style=\"\"><a href=\"http:\/\/www.retromagazine.eu\/retro\/blog\/author\/chris-p\/\" title=\"Chris Pfeiler\"><span class=\"avatar\"><img alt='Avatar-Foto' src='http:\/\/www.retromagazine.eu\/retro\/wp-content\/uploads\/2015\/06\/Chris-Pfeiler_avatar_1434579941-96x96.png' srcset='http:\/\/www.retromagazine.eu\/retro\/wp-content\/uploads\/2015\/06\/Chris-Pfeiler_avatar_1434579941-96x96.png 2x' class='avatar avatar-96 photo' height='96' width='96' style=\"\"  \/><\/span><span class=\"name\">Chris Pfeiler<\/span><\/a><\/div><div class=\"user with-name name-group-last-a user-119\" style=\"\"><a href=\"http:\/\/www.retromagazine.eu\/retro\/blog\/author\/anna\/\" title=\"Anna\"><span class=\"avatar\"><img src='https:\/\/secure.gravatar.com\/avatar\/47665568e8851e3ab1b0a41c712f25da77d8b5fb85a3b6ac9f02be6b5afe1142?s=96&#038;d=retro&#038;r=g' srcset='https:\/\/secure.gravatar.com\/avatar\/47665568e8851e3ab1b0a41c712f25da77d8b5fb85a3b6ac9f02be6b5afe1142?s=96&#038;d=retro&#038;r=g 2x' class='avatar avatar-96 photo' height='96' width='96' alt=\"avatar for Anna\"  style=\"\"  \/><\/span><span class=\"name\">Anna<\/span><\/a><\/div><div class=\"user with-name name-group-0-s name-group-last-s user-138\" style=\"\"><a href=\"http:\/\/www.retromagazine.eu\/retro\/blog\/author\/kojote\/\" title=\"Shahzad Sahaib\"><span class=\"avatar\"><img alt='Avatar-Foto' src='http:\/\/www.retromagazine.eu\/retro\/wp-content\/uploads\/2015\/08\/Shahzad-Sahaib_avatar_1440700498-96x96.jpg' srcset='http:\/\/www.retromagazine.eu\/retro\/wp-content\/uploads\/2015\/08\/Shahzad-Sahaib_avatar_1440700498-96x96.jpg 2x' class='avatar avatar-96 photo' height='96' width='96' style=\"\"  \/><\/span><span class=\"name\">Shahzad Sahaib<\/span><\/a><\/div><div class=\"user with-name name-group-0-r name-group-last-i user-152\" style=\"\"><a href=\"http:\/\/www.retromagazine.eu\/retro\/blog\/author\/rudolf\/\" title=\"Rudolf Inderst\"><span class=\"avatar\"><img alt='Avatar-Foto' src='http:\/\/www.retromagazine.eu\/retro\/wp-content\/uploads\/2015\/06\/Rudolf_avatar_1434580523-96x96.png' srcset='http:\/\/www.retromagazine.eu\/retro\/wp-content\/uploads\/2015\/06\/Rudolf_avatar_1434580523-96x96.png 2x' class='avatar avatar-96 photo' height='96' width='96' style=\"\"  \/><\/span><span class=\"name\">Rudolf Inderst<\/span><\/a><\/div><div class=\"user with-name name-group-0-d name-group-last-g user-183\" style=\"\"><a href=\"http:\/\/www.retromagazine.eu\/retro\/blog\/author\/dennis-grob\/\" title=\"Dennis Grob\"><span class=\"avatar\"><img src='https:\/\/secure.gravatar.com\/avatar\/06e0d2bfd405ccce2fbe6f31dc5308d1f6a6548be92d6b43db2a5b1d2c2fa20a?s=96&#038;d=retro&#038;r=g' srcset='https:\/\/secure.gravatar.com\/avatar\/06e0d2bfd405ccce2fbe6f31dc5308d1f6a6548be92d6b43db2a5b1d2c2fa20a?s=96&#038;d=retro&#038;r=g 2x' class='avatar avatar-96 photo' height='96' width='96' alt=\"avatar for Dennis Grob\"  style=\"\"  \/><\/span><span class=\"name\">Dennis Grob<\/span><\/a><\/div><div class=\"user with-name name-group-last-p user-265\" style=\"\"><a href=\"http:\/\/www.retromagazine.eu\/retro\/blog\/author\/paralax\/\" title=\"PARALAX\"><span class=\"avatar\"><img alt='Avatar-Foto' src='http:\/\/www.retromagazine.eu\/retro\/wp-content\/uploads\/2015\/06\/PARALAX_avatar_1434579756-96x96.png' srcset='http:\/\/www.retromagazine.eu\/retro\/wp-content\/uploads\/2015\/06\/PARALAX_avatar_1434579756-96x96.png 2x' class='avatar avatar-96 photo' height='96' width='96' style=\"\"  \/><\/span><span class=\"name\">PARALAX<\/span><\/a><\/div><div class=\"user with-name name-group-0-p name-group-last-g user-279\" style=\"\"><a href=\"http:\/\/www.retromagazine.eu\/retro\/blog\/author\/ad2\/\" title=\"Paul Gnarfinger\"><span class=\"avatar\"><img alt='Avatar-Foto' src='http:\/\/www.retromagazine.eu\/retro\/wp-content\/uploads\/2015\/06\/Paul-Gnarfinger_avatar_1434578193-96x96.png' srcset='http:\/\/www.retromagazine.eu\/retro\/wp-content\/uploads\/2015\/06\/Paul-Gnarfinger_avatar_1434578193-96x96.png 2x' class='avatar avatar-96 photo' height='96' width='96' style=\"\"  \/><\/span><span class=\"name\">Paul Gnarfinger<\/span><\/a><\/div><div class=\"user with-name name-group-0-t name-group-last-r user-288\" style=\"\"><a href=\"http:\/\/www.retromagazine.eu\/retro\/blog\/author\/tim\/\" title=\"Tim Riemann\"><span class=\"avatar\"><img alt='Avatar-Foto' src='http:\/\/www.retromagazine.eu\/retro\/wp-content\/uploads\/2015\/10\/Tim-Riemann_avatar_1445195952-96x96.jpg' srcset='http:\/\/www.retromagazine.eu\/retro\/wp-content\/uploads\/2015\/10\/Tim-Riemann_avatar_1445195952-96x96.jpg 2x' class='avatar avatar-96 photo' height='96' width='96' style=\"\"  \/><\/span><span class=\"name\">Tim Riemann<\/span><\/a><\/div><div class=\"user with-name name-group-last-d user-329\" style=\"\"><a href=\"http:\/\/www.retromagazine.eu\/retro\/blog\/author\/dietersoukup\/\" title=\"Dieter\"><span class=\"avatar\"><img src='https:\/\/secure.gravatar.com\/avatar\/5006a79d098b2fffaccd790d4cf3d48387a1022d3078c3d2b2916eaca9002ee4?s=96&#038;d=retro&#038;r=g' srcset='https:\/\/secure.gravatar.com\/avatar\/5006a79d098b2fffaccd790d4cf3d48387a1022d3078c3d2b2916eaca9002ee4?s=96&#038;d=retro&#038;r=g 2x' class='avatar avatar-96 photo' height='96' width='96' alt=\"avatar for Dieter\"  style=\"\"  \/><\/span><span class=\"name\">Dieter<\/span><\/a><\/div><div class=\"user with-name name-group-last-h user-331\" style=\"\"><a href=\"http:\/\/www.retromagazine.eu\/retro\/blog\/author\/heinz\/\" title=\"Heinz\"><span class=\"avatar\"><img src='https:\/\/secure.gravatar.com\/avatar\/2d474cea5d5e29a28832beaacef8a3cb556f7b6f72c8d1d7c2f5fcbef35bc1ce?s=96&#038;d=retro&#038;r=g' srcset='https:\/\/secure.gravatar.com\/avatar\/2d474cea5d5e29a28832beaacef8a3cb556f7b6f72c8d1d7c2f5fcbef35bc1ce?s=96&#038;d=retro&#038;r=g 2x' class='avatar avatar-96 photo' height='96' width='96' alt=\"avatar for Heinz\"  style=\"\"  \/><\/span><span class=\"name\">Heinz<\/span><\/a><\/div><div class=\"user with-name name-group-0-r name-group-last-g user-332\" style=\"\"><a href=\"http:\/\/www.retromagazine.eu\/retro\/blog\/author\/gastautor\/\" title=\"RETRO Gastautor\"><span class=\"avatar\"><img src='https:\/\/secure.gravatar.com\/avatar\/68747889783cfcf122e6e6c0c0f90f90a412776706dc1b1fe7045fd19f5b9b4a?s=96&#038;d=retro&#038;r=g' srcset='https:\/\/secure.gravatar.com\/avatar\/68747889783cfcf122e6e6c0c0f90f90a412776706dc1b1fe7045fd19f5b9b4a?s=96&#038;d=retro&#038;r=g 2x' class='avatar avatar-96 photo' height='96' width='96' alt=\"avatar for RETRO Gastautor\"  style=\"\"  \/><\/span><span class=\"name\">RETRO Gastautor<\/span><\/a><\/div><div class=\"user with-name name-group-0-r name-group-last-l user-333\" style=\"\"><a href=\"http:\/\/www.retromagazine.eu\/retro\/blog\/author\/retro-llm\/\" title=\"RETRO LLM\"><span class=\"avatar\"><img src='https:\/\/secure.gravatar.com\/avatar\/9f4b111115ac587c4ac9ef6555561811450062179b9c235a6afbbc2f321d92ee?s=96&#038;d=retro&#038;r=g' srcset='https:\/\/secure.gravatar.com\/avatar\/9f4b111115ac587c4ac9ef6555561811450062179b9c235a6afbbc2f321d92ee?s=96&#038;d=retro&#038;r=g 2x' class='avatar avatar-96 photo' height='96' width='96' alt=\"avatar for RETRO LLM\"  style=\"\"  \/><\/span><span class=\"name\">RETRO LLM<\/span><\/a><\/div><\/div><\/div>\n<p>Hinzu kommen Gastautorinnen und -autoren \u00fcber unseren Account &#8222;Gastautor&#8220;. Wenn keine individuellen Kontaktm\u00f6glichkeiten aufgef\u00fchrt sind, so kann auch \u00fcber die Redaktion &#8211; siehe Impressum &#8211; Kontakt mit den Autorinnen und Autoren aufgenommen werden.<\/p>\n<p><script async src=\"\/\/pagead2.googlesyndication.com\/pagead\/js\/adsbygoogle.js\"><\/script><br \/>\n<ins class=\"adsbygoogle\" style=\"display: block; text-align: center;\" data-ad-format=\"fluid\" data-ad-layout=\"in-article\" data-ad-client=\"ca-pub-8559928290601503\" data-ad-slot=\"4650010273\"><\/ins><br \/>\n<script>\n     (adsbygoogle = window.adsbygoogle || []).push({});\n<\/script><\/p>\n","protected":false},"excerpt":{"rendered":"<p>Diese Website ist die Autorenplattform des RETRO-Magazins. Jede Autorin und jeder Autor ist f\u00fcr ihre\/seine Beitr\u00e4ge selbst verantwortlich, hat daf\u00fcr aber auch sehr gro\u00dfe Freiheiten: von der Zweitverwertung bereits erschienener Retrocomputingartikel bis hin zu Eigenwerbung ist sehr vieles m\u00f6glich. Willst Du auch Autorin\/Autor f\u00fcr die Website und vielleicht sogar f\u00fcr das RETRO-Magazin werden? Schreibe einfach [&hellip;]<\/p>\n","protected":false},"author":279,"featured_media":0,"parent":0,"menu_order":0,"comment_status":"closed","ping_status":"closed","template":"","meta":{"rop_custom_images_group":[],"rop_custom_messages_group":[],"rop_publish_now":"initial","rop_publish_now_accounts":[],"rop_publish_now_history":[],"rop_publish_now_status":"pending","footnotes":""},"class_list":["post-15878","page","type-page","status-publish","hentry"],"amp_enabled":true,"_links":{"self":[{"href":"http:\/\/www.retromagazine.eu\/retro\/wp-json\/wp\/v2\/pages\/15878","targetHints":{"allow":["GET"]}}],"collection":[{"href":"http:\/\/www.retromagazine.eu\/retro\/wp-json\/wp\/v2\/pages"}],"about":[{"href":"http:\/\/www.retromagazine.eu\/retro\/wp-json\/wp\/v2\/types\/page"}],"author":[{"embeddable":true,"href":"http:\/\/www.retromagazine.eu\/retro\/wp-json\/wp\/v2\/users\/279"}],"replies":[{"embeddable":true,"href":"http:\/\/www.retromagazine.eu\/retro\/wp-json\/wp\/v2\/comments?post=15878"}],"version-history":[{"count":0,"href":"http:\/\/www.retromagazine.eu\/retro\/wp-json\/wp\/v2\/pages\/15878\/revisions"}],"wp:attachment":[{"href":"http:\/\/www.retromagazine.eu\/retro\/wp-json\/wp\/v2\/media?parent=15878"}],"curies":[{"name":"wp","href":"https:\/\/api.w.org\/{rel}","templated":true}]}}