{"id":7,"date":"2006-08-01T22:15:33","date_gmt":"2006-08-01T20:15:33","guid":{"rendered":"http:\/\/www.internetsoziologie.at\/retro\/?page_id=7"},"modified":"2025-07-27T15:15:40","modified_gmt":"2025-07-27T13:15:40","slug":"was-ist-retro","status":"publish","type":"page","link":"http:\/\/www.retromagazine.eu\/retro\/was-ist-retro\/","title":{"rendered":"Retro?"},"content":{"rendered":"<p><em>Moderne digitale Ger\u00e4te erobern vielleicht unseren Alltag, doch unsere Herzen geh\u00f6ren C64, Amiga und Atari!<\/em><\/p>\n<p>\u201eRetro\u201c ist der Trend unserer Zeit \u2013 daran gibt es keinen Zweifel. Menschen erinnern sich gerne an Musik, Mode und Fernsehsendungen aus Kindheit, Jugend und den fr\u00fchen Erwachsenentagen. Sie mischen alte Erinnerungen mit dem Lebensgef\u00fchl der Gegenwart und haben viel Spa\u00df dabei. 80er-Shows, Hit-Remixes und Neuauflagen zahlreicher Computerspieleklassiker machen es vor. Die \u201egute alte Zeit\u201c lebt wieder auf.<\/p>\n<p>Denn \u201eRetro\u201c hei\u00dft eigentlich \u201er\u00fcckw\u00e4rtsgewandt\u201c \u2013 doch <strong>Retro<\/strong>, das erfolgreiche Magazin aus dem CSW-Verlag, ist alles andere als das. Hier wird nichts verkl\u00e4rt und der Vergangenheit nicht hinterher geweint \u2013 hier werden bereits seit 2006 mit den Highlights vergangener Tage Gegenwart und Zukunft gestaltet. Digital, multimedial und grenzenlos. <strong>Retro<\/strong> pr\u00e4sentiert somit altes und neues Wissen im Bereich digitaler Retrotrends auf einzigartige Weise.<\/p>\n<p><script async src=\"\/\/pagead2.googlesyndication.com\/pagead\/js\/adsbygoogle.js\"><\/script><br \/>\n<ins class=\"adsbygoogle\"\n     style=\"display:block; text-align:center;\"\n     data-ad-format=\"fluid\"\n     data-ad-layout=\"in-article\"\n     data-ad-client=\"ca-pub-8559928290601503\"\n     data-ad-slot=\"4650010273\"><\/ins><br \/>\n<script>\n     (adsbygoogle = window.adsbygoogle || []).push({});\n<\/script><\/p>\n<figure id=\"attachment_3759\" aria-describedby=\"caption-attachment-3759\" style=\"width: 443px\" class=\"wp-caption aligncenter\"><img loading=\"lazy\" decoding=\"async\" class=\"size-medium wp-image-3759\" title=\"Inhalt: Retro\" src=\"http:\/\/www.retromagazine.eu\/retro\/wp-content\/uploads\/2006\/08\/Inhalt-Retro-14_1-443x292.jpg\" alt=\"Inhalt: Retro\" width=\"443\" height=\"292\" srcset=\"http:\/\/www.retromagazine.eu\/retro\/wp-content\/uploads\/2006\/08\/Inhalt-Retro-14_1-443x292.jpg 443w, http:\/\/www.retromagazine.eu\/retro\/wp-content\/uploads\/2006\/08\/Inhalt-Retro-14_1-140x92.jpg 140w, http:\/\/www.retromagazine.eu\/retro\/wp-content\/uploads\/2006\/08\/Inhalt-Retro-14_1.jpg 475w\" sizes=\"auto, (max-width: 443px) 100vw, 443px\" \/><figcaption id=\"caption-attachment-3759\" class=\"wp-caption-text\">Inhalt: Retro<\/figcaption><\/figure>\n<p><strong>Retro<\/strong> bietet auf \u00fcber 90 Seiten brandaktuell alles rund um den digitalen Retro-Lifestyle. Von Computern \u00fcber Retroparties bis zu neuen Trends wird alles geboten, was der Retrofan braucht. Spannend, humorvoll und stilsicher \u2013 <strong>Retro<\/strong> bietet alles aus dem Kosmos des digitalen Lifestyles. Das Magazin berichtet \u00fcber Hard- und Software f\u00fcr Retrofans, stellt aber auch die Menschen und Storys im Hintergrund vor. Mit dem regelm\u00e4\u00dfigen Blick auf Events in aller Welt informiert <strong>Retro<\/strong> \u00fcber alle Aspekte der digitalen Retrokultur. Eine CD-ROM pro Ausgabe gibts gratis dazu \u2013 voll gepackt mit Videos, Sounds und Spielen aus der Retroszene.<\/p>\n<figure id=\"attachment_3761\" aria-describedby=\"caption-attachment-3761\" style=\"width: 443px\" class=\"wp-caption aligncenter\"><img loading=\"lazy\" decoding=\"async\" class=\"size-medium wp-image-3761\" title=\"Inhalt: nochmal Retro\" src=\"http:\/\/www.retromagazine.eu\/retro\/wp-content\/uploads\/2006\/08\/Inhalt-Retro-14_2-443x292.jpg\" alt=\"Inhalt: nochmal Retro\" width=\"443\" height=\"292\" srcset=\"http:\/\/www.retromagazine.eu\/retro\/wp-content\/uploads\/2006\/08\/Inhalt-Retro-14_2-443x292.jpg 443w, http:\/\/www.retromagazine.eu\/retro\/wp-content\/uploads\/2006\/08\/Inhalt-Retro-14_2-140x92.jpg 140w, http:\/\/www.retromagazine.eu\/retro\/wp-content\/uploads\/2006\/08\/Inhalt-Retro-14_2.jpg 475w\" sizes=\"auto, (max-width: 443px) 100vw, 443px\" \/><figcaption id=\"caption-attachment-3761\" class=\"wp-caption-text\">Inhalt: nochmal Retro<\/figcaption><\/figure>\n<p>Zus\u00e4tzlich gibt es diese Website, welche seit 2020 als Experimentalbereich dient und nicht nur das Archiv der RETRO-Website seit 2006 bietet, mit tausenden Blogbeitr\u00e4gen, sondern auch neue redaktionell betreute sowie seit 2025 auch KI-Texte. Und das Beste: Sie k\u00f6nnen mitmachen! Wir suchen immer kompetente und nette Autorinnen und Autoren, Menschen, die sich gerne an die digitalen Pionierzeiten erinnern &#8211; trotz KI. Oder vielleicht genau deshalb. \u00dcbrigens: Werbung ist auch m\u00f6glich. Melden Sie sich bei uns, wir besprechen gern Ihre Ideen.<\/p>\n<p>Schreiben Sie eine Mail (gerne mit einer ersten Textprobe) an <em>mitmachen @ retromagazine.eu<\/em> und informieren Sie sich \u00fcber die Details! S\u00e4mtliche Ansprechpartner finden Sie \u00fcbrigens auf der <a href=\"http:\/\/www.retromagazine.eu\/retro\/kontakt\/\">Kontaktseite<\/a>.<\/p>\n<figure id=\"attachment_3763\" aria-describedby=\"caption-attachment-3763\" style=\"width: 443px\" class=\"wp-caption aligncenter\"><img loading=\"lazy\" decoding=\"async\" class=\"size-medium wp-image-3763\" title=\"Inhalt: nat\u00fcrlich auch Retro\" src=\"http:\/\/www.retromagazine.eu\/retro\/wp-content\/uploads\/2006\/08\/Inhalt-Retro-14_3-443x292.jpg\" alt=\"Inhalt: nat\u00fcrlich auch Retro\" width=\"443\" height=\"292\" srcset=\"http:\/\/www.retromagazine.eu\/retro\/wp-content\/uploads\/2006\/08\/Inhalt-Retro-14_3-443x292.jpg 443w, http:\/\/www.retromagazine.eu\/retro\/wp-content\/uploads\/2006\/08\/Inhalt-Retro-14_3-140x92.jpg 140w, http:\/\/www.retromagazine.eu\/retro\/wp-content\/uploads\/2006\/08\/Inhalt-Retro-14_3.jpg 475w\" sizes=\"auto, (max-width: 443px) 100vw, 443px\" \/><figcaption id=\"caption-attachment-3763\" class=\"wp-caption-text\">Inhalt: nat\u00fcrlich auch Retro<\/figcaption><\/figure>\n","protected":false},"excerpt":{"rendered":"<p>Moderne digitale Ger\u00e4te erobern vielleicht unseren Alltag, doch unsere Herzen geh\u00f6ren C64, Amiga und Atari! \u201eRetro\u201c ist der Trend unserer Zeit \u2013 daran gibt es keinen Zweifel. Menschen erinnern sich gerne an Musik, Mode und Fernsehsendungen aus Kindheit, Jugend und den fr\u00fchen Erwachsenentagen. Sie mischen alte Erinnerungen mit dem Lebensgef\u00fchl der Gegenwart und haben viel [&hellip;]<\/p>\n","protected":false},"author":51,"featured_media":0,"parent":0,"menu_order":1,"comment_status":"closed","ping_status":"closed","template":"","meta":{"rop_custom_images_group":[],"rop_custom_messages_group":[],"rop_publish_now":"initial","rop_publish_now_accounts":[],"rop_publish_now_history":[],"rop_publish_now_status":"pending","footnotes":""},"class_list":["post-7","page","type-page","status-publish","hentry"],"amp_enabled":true,"_links":{"self":[{"href":"http:\/\/www.retromagazine.eu\/retro\/wp-json\/wp\/v2\/pages\/7","targetHints":{"allow":["GET"]}}],"collection":[{"href":"http:\/\/www.retromagazine.eu\/retro\/wp-json\/wp\/v2\/pages"}],"about":[{"href":"http:\/\/www.retromagazine.eu\/retro\/wp-json\/wp\/v2\/types\/page"}],"author":[{"embeddable":true,"href":"http:\/\/www.retromagazine.eu\/retro\/wp-json\/wp\/v2\/users\/51"}],"replies":[{"embeddable":true,"href":"http:\/\/www.retromagazine.eu\/retro\/wp-json\/wp\/v2\/comments?post=7"}],"version-history":[{"count":0,"href":"http:\/\/www.retromagazine.eu\/retro\/wp-json\/wp\/v2\/pages\/7\/revisions"}],"wp:attachment":[{"href":"http:\/\/www.retromagazine.eu\/retro\/wp-json\/wp\/v2\/media?parent=7"}],"curies":[{"name":"wp","href":"https:\/\/api.w.org\/{rel}","templated":true}]}}